{"id":2446,"date":"2021-03-11T13:03:51","date_gmt":"2021-03-11T12:03:51","guid":{"rendered":"http:\/\/ilruzante.com\/prodotto\/base-in-legno-intagliato-e-dorato\/"},"modified":"2022-05-05T13:03:40","modified_gmt":"2022-05-05T11:03:40","slug":"base-en-bois-sculpte-et-dore","status":"publish","type":"product","link":"https:\/\/ilruzante.com\/fr\/Produit\/base-en-bois-sculpte-et-dore\/","title":{"rendered":"Base en bois sculpt\u00e9 et dor\u00e9"},"content":{"rendered":"<p>Base en bois sculpt\u00e9 et dor\u00e9<br \/>\nItalie du nord, XVIIIe si\u00e8cle,<br \/>\nh 23,5 x 32 x 24,5 cm<\/p>\n","protected":false},"excerpt":{"rendered":"<p>Base en bois sculpt\u00e9 et dor\u00e9<br \/>\nItalie du nord, XVIIIe si\u00e8cle, h 23,5 x 32 x 24,5 cm<\/p>\n","protected":false},"featured_media":1909,"comment_status":"closed","ping_status":"closed","template":"","meta":[],"product_brand":[],"product_cat":[102],"product_tag":[],"class_list":{"0":"post-2446","1":"product","2":"type-product","3":"status-publish","4":"has-post-thumbnail","6":"product_cat-decoration-et-alia-fr","8":"first","9":"instock","10":"sold-individually","11":"shipping-taxable","12":"purchasable","13":"product-type-simple"},"_links":{"self":[{"href":"https:\/\/ilruzante.com\/fr\/wp-json\/wp\/v2\/product\/2446","targetHints":{"allow":["GET"]}}],"collection":[{"href":"https:\/\/ilruzante.com\/fr\/wp-json\/wp\/v2\/product"}],"about":[{"href":"https:\/\/ilruzante.com\/fr\/wp-json\/wp\/v2\/types\/product"}],"replies":[{"embeddable":true,"href":"https:\/\/ilruzante.com\/fr\/wp-json\/wp\/v2\/comments?post=2446"}],"wp:featuredmedia":[{"embeddable":true,"href":"https:\/\/ilruzante.com\/fr\/wp-json\/wp\/v2\/media\/1909"}],"wp:attachment":[{"href":"https:\/\/ilruzante.com\/fr\/wp-json\/wp\/v2\/media?parent=2446"}],"wp:term":[{"taxonomy":"product_brand","embeddable":true,"href":"https:\/\/ilruzante.com\/fr\/wp-json\/wp\/v2\/product_brand?post=2446"},{"taxonomy":"product_cat","embeddable":true,"href":"https:\/\/ilruzante.com\/fr\/wp-json\/wp\/v2\/product_cat?post=2446"},{"taxonomy":"product_tag","embeddable":true,"href":"https:\/\/ilruzante.com\/fr\/wp-json\/wp\/v2\/product_tag?post=2446"}],"curies":[{"name":"wp","href":"https:\/\/api.w.org\/{rel}","templated":true}]}}