{"id":2470,"date":"2021-03-11T12:54:43","date_gmt":"2021-03-11T11:54:43","guid":{"rendered":"http:\/\/ilruzante.com\/prodotto\/oggetto-decorativo-forse-porta-vaso\/"},"modified":"2022-05-05T12:52:41","modified_gmt":"2022-05-05T10:52:41","slug":"objet-decoratif-en-fer-peut-etre-porte-vase","status":"publish","type":"product","link":"https:\/\/ilruzante.com\/fr\/Produit\/objet-decoratif-en-fer-peut-etre-porte-vase\/","title":{"rendered":"Objet d\u00e9coratif en fer, peut \u00eatre porte vase"},"content":{"rendered":"<p>Objet d\u00e9coratif en fer, peut \u00eatre porte vase en fer fa\u00e7onne comme un serpent\u00a0<br \/>\nXIXe si\u00e8cle,<br \/>\nh 29 x 17 cm<\/p>\n","protected":false},"excerpt":{"rendered":"<p>Objet d\u00e9coratif en fer, peut \u00eatre porte vase en fer fa\u00e7onne comme un serpent\u00a0<br \/>\nXIXe si\u00e8cle, h 29 x 17 cm<\/p>\n","protected":false},"featured_media":1885,"comment_status":"closed","ping_status":"closed","template":"","meta":[],"product_brand":[],"product_cat":[102],"product_tag":[],"class_list":{"0":"post-2470","1":"product","2":"type-product","3":"status-publish","4":"has-post-thumbnail","6":"product_cat-decoration-et-alia-fr","8":"first","9":"instock","10":"sold-individually","11":"shipping-taxable","12":"purchasable","13":"product-type-simple"},"_links":{"self":[{"href":"https:\/\/ilruzante.com\/fr\/wp-json\/wp\/v2\/product\/2470","targetHints":{"allow":["GET"]}}],"collection":[{"href":"https:\/\/ilruzante.com\/fr\/wp-json\/wp\/v2\/product"}],"about":[{"href":"https:\/\/ilruzante.com\/fr\/wp-json\/wp\/v2\/types\/product"}],"replies":[{"embeddable":true,"href":"https:\/\/ilruzante.com\/fr\/wp-json\/wp\/v2\/comments?post=2470"}],"wp:featuredmedia":[{"embeddable":true,"href":"https:\/\/ilruzante.com\/fr\/wp-json\/wp\/v2\/media\/1885"}],"wp:attachment":[{"href":"https:\/\/ilruzante.com\/fr\/wp-json\/wp\/v2\/media?parent=2470"}],"wp:term":[{"taxonomy":"product_brand","embeddable":true,"href":"https:\/\/ilruzante.com\/fr\/wp-json\/wp\/v2\/product_brand?post=2470"},{"taxonomy":"product_cat","embeddable":true,"href":"https:\/\/ilruzante.com\/fr\/wp-json\/wp\/v2\/product_cat?post=2470"},{"taxonomy":"product_tag","embeddable":true,"href":"https:\/\/ilruzante.com\/fr\/wp-json\/wp\/v2\/product_tag?post=2470"}],"curies":[{"name":"wp","href":"https:\/\/api.w.org\/{rel}","templated":true}]}}